{"id":800,"date":"2025-02-16T04:01:23","date_gmt":"2025-02-16T04:01:23","guid":{"rendered":"https:\/\/instalacionesmab.com\/declaracion-de-accesibilidad\/"},"modified":"2025-08-14T16:10:06","modified_gmt":"2025-08-14T16:10:06","slug":"accessibility-statement","status":"publish","type":"page","link":"https:\/\/instalacionesmab.com\/en\/accessibility-statement\/","title":{"rendered":"Accessibility statement"},"content":{"rendered":"<section class=\"text_content_text_1_1 background-1-light\" data-block-id=\"69e5f9cc42b1369e5f9cc42b14\" data-block-name=\"acf\/textcontent-1-1\" data-post-id=\"800\" data-stable-id=\"block_9e70270c34a52adaae6692159695e478\">\r\n    <div class=\"container\">\r\n        <div class=\"row\">\r\n            <div class=\"col\">\r\n                <div class=\"content-theme\">\r\n                                        <div class=\"texto color-1-headings-dark tamano7\">\r\n                        <p>&nbsp;<\/p>\n<h2 style=\"text-align: center\">PREPARATION OF THE FOLLOWING ACCESSIBILITY STATEMENT<\/h2>\n<p>This statement was prepared on December 19, 2024.<br \/>\nThe method used for preparing the statement was a self-assessment conducted by the company itself.<\/p>\n<h4>COMMENTS AND CONTACT INFORMATION<\/h4>\n<p>You may communicate about accessibility requirements (Article 10.2.a of RD 1112\/2018), such as:<\/p>\n<ul>\n<li>Report any possible non-compliance by this website<\/li>\n<li>Convey other difficulties in accessing content<\/li>\n<li>Submit any other query or suggestion for improvement regarding the website&#8217;s accessibility<\/li>\n<\/ul>\n<p>Via the contact email\u00a0<a href=\"mailto:instalacionesmab@gmail.com\">instalacionesmab@gmail.com<\/a>.<br \/>\nYou may submit:<\/p>\n<ul>\n<li><strong>Complaint <\/strong>regarding the compliance with the requirements of RD 1112\/2018 or<\/li>\n<li><strong>Request for Accessible Information <\/strong>regarding:<\/li>\n<\/ul>\n<p>Contents that are excluded from the application scope of RD 1112\/2018 as established by Article 3, section 4.<br \/>\nContents\u00a0that are\u00a0exempt\u00a0from\u00a0meeting\u00a0the accessibility requirements due to imposing a disproportionate burden.<br \/>\nIn the Request for Accessible Information, the facts, reasons, and request must be clearly specified to verify that it is a reasonable and legitimate request.<br \/>\nComplaints and claims regarding accessible information\u00a0shall be made through the aforementioned email.<\/p>\n<h4>APPLICATION PROCEDURE<\/h4>\n<p>If, once an accessible information request or complaint has been made, it has been rejected, the decision taken is not agreed with, or the response does not meet the requirements set out in Article 12.5, the interested party may file a claim. Similarly, a claim may be filed if twenty business days have passed without receiving a response.<\/p>\n                    <\/div>\r\n                                    <\/div>\r\n            <\/div>\r\n        <\/div>\r\n    <\/div>\r\n<\/section>\r\n<style>\r\n    .text_content_text_1_1 h1 {\r\n        padding-bottom: 60px;\r\n        font-size: var(--tamano1-font-size);\r\n        font-weight: var(--tamano1-font-weight);\r\n        line-height: var(--tamano1-line-height);\r\n        letter-spacing: var(--tamano1-letter-spacing);\r\n        font-family: var(--tamano1-font-family);\r\n        color: var(--color-2-headings-dark);\r\n    }\r\n\r\n    .text_content_text_1_1 h2 {\r\n        padding-bottom: 60px;\r\n        font-size: var(--tamano2-font-size);\r\n        font-weight: var(--tamano2-font-weight);\r\n        line-height: var(--tamano2-line-height);\r\n        letter-spacing: var(--tamano2-letter-spacing);\r\n        font-family: var(--tamano2-font-family);\r\n        color: var(--color-2-headings-dark);\r\n    }\r\n\r\n    .text_content_text_1_1 h3 {\r\n        padding-bottom: 60px;\r\n        font-size: var(--tamano3-font-size);\r\n        font-weight: var(--tamano3-font-weight);\r\n        line-height: var(--tamano3-line-height);\r\n        letter-spacing: var(--tamano3-letter-spacing);\r\n        font-family: var(--tamano3-font-family);\r\n        color: var(--color-2-headings-dark);\r\n    }\r\n\r\n    .text_content_text_1_1 h4 {\r\n        padding-bottom: 60px;\r\n        font-size: var(--tamano4-font-size);\r\n        font-weight: var(--tamano4-font-weight);\r\n        line-height: var(--tamano4-line-height);\r\n        letter-spacing: var(--tamano4-letter-spacing);\r\n        font-family: var(--tamano4-font-family);\r\n        color: var(--color-2-headings-dark);\r\n    }\r\n\r\n    .text_content_text_1_1 ul,\r\n    .text_content_text_1_1 ol {\r\n        padding-left: 20px;\r\n    }\r\n\r\n    .text_content_text_1_1 .row .col {\r\n        padding-top: 75px;\r\n        width: 100%;\r\n    }\r\n\r\n\r\n    .text_content_text_1_1 .texto {\r\n        margin-bottom: 50px;\r\n    }\r\n\r\n    .text_content_text_1_1 .texto * {\r\n        padding-bottom: 20px;\r\n    }\r\n\r\n\r\n    .text_content_text_1_1 .row {\r\n        display: flex;\r\n        gap: 0px;\r\n    }\r\n\r\n    .text_content_text_1_1 {\r\n        position: relative;\r\n        background-position: center;\r\n        background-repeat: no-repeat;\r\n        background-size: cover;\r\n        padding: 81px 150px;\r\n        margin-top: -1px;\r\n    }\r\n\r\n    @media (max-width:1750px) {\r\n        .text_content_text_1_1 .row {\r\n            gap: 100px;\r\n        }\r\n    }\r\n\r\n    @media (max-width:1550px) {\r\n        .text_content_text_1_1 {\r\n            padding-left: 50px;\r\n            padding-right: 50px;\r\n        }\r\n    }\r\n\r\n    @media (max-width:1350px) {\r\n        .text_content_text_1_1 .row {\r\n            gap: 30px;\r\n        }\r\n    }\r\n\r\n    @media (max-width:1200px) {\r\n        .text_content_text_1_1 {\r\n            padding-left: 0;\r\n            padding-right: 0;\r\n        }\r\n    }\r\n\r\n    @media (max-width:992px) {\r\n        .text_content_text_1_1 .row .col-left {\r\n            padding-top: 0;\r\n            max-width: 100%;\r\n        }\r\n\r\n        .text_content_text_1_1 .texto {\r\n            margin-bottom: 35px;\r\n        }\r\n\r\n        .text_content_text_1_1 h2 {\r\n            padding-bottom: 40px;\r\n        }\r\n\r\n        .text_content_text_1_1 {\r\n            padding: 40px 0;\r\n        }\r\n\r\n        .text_content_text_1_1 h1 {\r\n            font-size: var(--tamano1-font-size-mobile);\r\n        }\r\n\r\n        .text_content_text_1_1 h2 {\r\n            font-size: var(--tamano2-font-size-mobile);\r\n        }\r\n\r\n        .text_content_text_1_1 h3 {\r\n            font-size: var(--tamano3-font-size-mobile);\r\n        }\r\n\r\n        .text_content_text_1_1 h4 {\r\n            font-size: var(--tamano4-font-size-mobile);\r\n        }\r\n    }\r\n<\/style>\r\n","protected":false},"excerpt":{"rendered":"","protected":false},"author":0,"featured_media":0,"parent":0,"menu_order":0,"comment_status":"open","ping_status":"closed","template":"","meta":{"_acf_changed":false,"iawp_total_views":1,"footnotes":""},"class_list":["post-800","page","type-page","status-publish","hentry"],"acf":[],"yoast_head":"<!-- This site is optimized with the Yoast SEO plugin v27.4 - https:\/\/yoast.com\/product\/yoast-seo-wordpress\/ -->\n<title>Declaraci\u00f3n de Accesibilidad - Instalaciones MAB<\/title>\n<meta name=\"description\" content=\"Conozca c\u00f3mo Instalaciones MAB aborda la accesibilidad web. Comun\u00edquese para informar sobre incumplimientos o sugerencias.\" \/>\n<meta name=\"robots\" content=\"index, follow, max-snippet:-1, max-image-preview:large, max-video-preview:-1\" \/>\n<link rel=\"canonical\" href=\"https:\/\/instalacionesmab.com\/en\/accessibility-statement\/\" \/>\n<meta property=\"og:locale\" content=\"en_US\" \/>\n<meta property=\"og:type\" content=\"article\" \/>\n<meta property=\"og:title\" content=\"Declaraci\u00f3n de Accesibilidad - Instalaciones MAB\" \/>\n<meta property=\"og:description\" content=\"Conozca c\u00f3mo Instalaciones MAB aborda la accesibilidad web. Comun\u00edquese para informar sobre incumplimientos o sugerencias.\" \/>\n<meta property=\"og:url\" content=\"https:\/\/instalacionesmab.com\/en\/accessibility-statement\/\" \/>\n<meta property=\"og:site_name\" content=\"Instalaciones MAB\" \/>\n<meta property=\"article:modified_time\" content=\"2025-08-14T16:10:06+00:00\" \/>\n<meta name=\"twitter:card\" content=\"summary_large_image\" \/>\n<!-- \/ Yoast SEO plugin. -->","yoast_head_json":{"title":"Declaraci\u00f3n de Accesibilidad - Instalaciones MAB","description":"Conozca c\u00f3mo Instalaciones MAB aborda la accesibilidad web. Comun\u00edquese para informar sobre incumplimientos o sugerencias.","robots":{"index":"index","follow":"follow","max-snippet":"max-snippet:-1","max-image-preview":"max-image-preview:large","max-video-preview":"max-video-preview:-1"},"canonical":"https:\/\/instalacionesmab.com\/en\/accessibility-statement\/","og_locale":"en_US","og_type":"article","og_title":"Declaraci\u00f3n de Accesibilidad - Instalaciones MAB","og_description":"Conozca c\u00f3mo Instalaciones MAB aborda la accesibilidad web. Comun\u00edquese para informar sobre incumplimientos o sugerencias.","og_url":"https:\/\/instalacionesmab.com\/en\/accessibility-statement\/","og_site_name":"Instalaciones MAB","article_modified_time":"2025-08-14T16:10:06+00:00","twitter_card":"summary_large_image","schema":{"@context":"https:\/\/schema.org","@graph":[{"@type":"WebPage","@id":"https:\/\/instalacionesmab.com\/en\/accessibility-statement\/","url":"https:\/\/instalacionesmab.com\/en\/accessibility-statement\/","name":"Declaraci\u00f3n de Accesibilidad - Instalaciones MAB","isPartOf":{"@id":"https:\/\/instalacionesmab.com\/en\/#website"},"datePublished":"2025-02-16T04:01:23+00:00","dateModified":"2025-08-14T16:10:06+00:00","description":"Conozca c\u00f3mo Instalaciones MAB aborda la accesibilidad web. Comun\u00edquese para informar sobre incumplimientos o sugerencias.","breadcrumb":{"@id":"https:\/\/instalacionesmab.com\/en\/accessibility-statement\/#breadcrumb"},"inLanguage":"en-US","potentialAction":[{"@type":"ReadAction","target":["https:\/\/instalacionesmab.com\/en\/accessibility-statement\/"]}]},{"@type":"BreadcrumbList","@id":"https:\/\/instalacionesmab.com\/en\/accessibility-statement\/#breadcrumb","itemListElement":[{"@type":"ListItem","position":1,"name":"Portada","item":"https:\/\/instalacionesmab.com\/en\/home\/"},{"@type":"ListItem","position":2,"name":"Accessibility statement"}]},{"@type":"WebSite","@id":"https:\/\/instalacionesmab.com\/en\/#website","url":"https:\/\/instalacionesmab.com\/en\/","name":"Instalaciones MAB","description":"","publisher":{"@id":"https:\/\/instalacionesmab.com\/en\/#organization"},"potentialAction":[{"@type":"SearchAction","target":{"@type":"EntryPoint","urlTemplate":"https:\/\/instalacionesmab.com\/en\/?s={search_term_string}"},"query-input":{"@type":"PropertyValueSpecification","valueRequired":true,"valueName":"search_term_string"}}],"inLanguage":"en-US"},{"@type":"Organization","@id":"https:\/\/instalacionesmab.com\/en\/#organization","name":"Instalaciones MAB","url":"https:\/\/instalacionesmab.com\/en\/","logo":{"@type":"ImageObject","inLanguage":"en-US","@id":"https:\/\/instalacionesmab.com\/en\/#\/schema\/logo\/image\/","url":"https:\/\/instalacionesmab.com\/wp-content\/uploads\/2025\/02\/Leonardo_Phoenix_09_Disea_un_logotipo_para_Instalaciones_MAB_u_0.jpg","contentUrl":"https:\/\/instalacionesmab.com\/wp-content\/uploads\/2025\/02\/Leonardo_Phoenix_09_Disea_un_logotipo_para_Instalaciones_MAB_u_0.jpg","width":768,"height":768,"caption":"Instalaciones MAB"},"image":{"@id":"https:\/\/instalacionesmab.com\/en\/#\/schema\/logo\/image\/"}}]}},"_links":{"self":[{"href":"https:\/\/instalacionesmab.com\/en\/wp-json\/wp\/v2\/pages\/800","targetHints":{"allow":["GET"]}}],"collection":[{"href":"https:\/\/instalacionesmab.com\/en\/wp-json\/wp\/v2\/pages"}],"about":[{"href":"https:\/\/instalacionesmab.com\/en\/wp-json\/wp\/v2\/types\/page"}],"replies":[{"embeddable":true,"href":"https:\/\/instalacionesmab.com\/en\/wp-json\/wp\/v2\/comments?post=800"}],"version-history":[{"count":3,"href":"https:\/\/instalacionesmab.com\/en\/wp-json\/wp\/v2\/pages\/800\/revisions"}],"predecessor-version":[{"id":1355,"href":"https:\/\/instalacionesmab.com\/en\/wp-json\/wp\/v2\/pages\/800\/revisions\/1355"}],"wp:attachment":[{"href":"https:\/\/instalacionesmab.com\/en\/wp-json\/wp\/v2\/media?parent=800"}],"curies":[{"name":"wp","href":"https:\/\/api.w.org\/{rel}","templated":true}]}}